{"id":225,"date":"2025-03-24T22:05:15","date_gmt":"2025-03-24T22:05:15","guid":{"rendered":"https:\/\/lanxovabarcelona.com\/bar-lanxova-divina\/"},"modified":"2025-12-31T10:26:12","modified_gmt":"2025-12-31T10:26:12","slug":"bar-lanxova-divina","status":"publish","type":"page","link":"https:\/\/lanxovabarcelona.com\/es\/","title":{"rendered":"Bar L&#8217;anxova Divina"},"content":{"rendered":"\n<div id=\"brand-intro\" class=\"wp-block-group brand-intro is-layout-flow wp-container-core-group-is-layout-a77db08e wp-block-group-is-layout-flow\">\n<div style=\"background-image:url(&apos;https:\/\/lanxovabarcelona.com\/wp-content\/uploads\/sites\/9\/2024\/12\/tiles-pattern.png&apos;);background-position:0% 46%;background-repeat:repeat;background-size:82px;\" class=\"wp-block-group has-global-padding is-layout-constrained wp-block-group-is-layout-constrained has-background\">\n<div style=\"height:41px\" aria-hidden=\"true\" class=\"wp-block-spacer\"><\/div>\n<\/div>\n\n\n\n<div class=\"wp-block-media-text is-stacked-on-mobile\" style=\"padding-top:0;padding-bottom:0\"><figure class=\"wp-block-media-text__media\"><img loading=\"lazy\" decoding=\"async\" width=\"5464\" height=\"8192\" src=\"https:\/\/lanxovabarcelona.com\/wp-content\/uploads\/sites\/9\/2025\/07\/5K3A5561_04550f.jpg?w=683\" alt=\"\" class=\"wp-image-324 size-full\" srcset=\"https:\/\/lanxovabarcelona.com\/wp-content\/uploads\/sites\/9\/2025\/07\/5K3A5561_04550f.jpg 5464w, https:\/\/lanxovabarcelona.com\/wp-content\/uploads\/sites\/9\/2025\/07\/5K3A5561_04550f.jpg?resize=200,300 200w, https:\/\/lanxovabarcelona.com\/wp-content\/uploads\/sites\/9\/2025\/07\/5K3A5561_04550f.jpg?resize=768,1151 768w, https:\/\/lanxovabarcelona.com\/wp-content\/uploads\/sites\/9\/2025\/07\/5K3A5561_04550f.jpg?resize=683,1024 683w, https:\/\/lanxovabarcelona.com\/wp-content\/uploads\/sites\/9\/2025\/07\/5K3A5561_04550f.jpg?resize=1025,1536 1025w, https:\/\/lanxovabarcelona.com\/wp-content\/uploads\/sites\/9\/2025\/07\/5K3A5561_04550f.jpg?resize=1366,2048 1366w\" sizes=\"auto, (max-width: 5464px) 100vw, 5464px\" \/><\/figure><div class=\"wp-block-media-text__content\">\n<div class=\"wp-block-group is-content-justification-center is-nowrap is-layout-flex wp-container-core-group-is-layout-23441af8 wp-block-group-is-layout-flex\">\n<figure class=\"wp-block-image size-full is-resized\"><img loading=\"lazy\" decoding=\"async\" width=\"231\" height=\"75\" src=\"https:\/\/lanxovabarcelona.com\/wp-content\/uploads\/sites\/9\/2024\/12\/fish-green.png\" alt=\"\" class=\"wp-image-43\" style=\"width:auto;height:37px\" \/><\/figure>\n<\/div>\n\n\n\n<p class=\"has-text-align-center has-custom-red-color has-text-color has-link-color has-centra-no-2-font-family wp-elements-c1396e25ae7370c68ce6b97c7384342c\" style=\"font-size:15px;letter-spacing:3px;line-height:1.4;text-transform:uppercase\">Bienvenido<\/p>\n\n\n\n<figure class=\"wp-block-image size-full is-resized\"><img loading=\"lazy\" decoding=\"async\" width=\"1016\" height=\"115\" src=\"https:\/\/lanxovabarcelona.com\/wp-content\/uploads\/sites\/9\/2025\/04\/image.png\" alt=\"This image has an empty alt attribute; its file name is brand-intro-logo.png\" class=\"wp-image-197\" style=\"width:612px;height:auto\" srcset=\"https:\/\/lanxovabarcelona.com\/wp-content\/uploads\/sites\/9\/2025\/04\/image.png 1016w, https:\/\/lanxovabarcelona.com\/wp-content\/uploads\/sites\/9\/2025\/04\/image.png?resize=300,34 300w, https:\/\/lanxovabarcelona.com\/wp-content\/uploads\/sites\/9\/2025\/04\/image.png?resize=768,87 768w\" sizes=\"auto, (max-width: 1016px) 100vw, 1016px\" \/><\/figure>\n\n\n\n<p class=\"has-text-align-center brand-intro-text has-centra-no-2-font-family\" style=\"font-size:17px;letter-spacing:0.51px\">L\u2019Anxova es un bar de tapas informal que celebra el arte y el dise\u00f1o espa\u00f1ol y se especializa en cocina catalana con pinchos, platos peque\u00f1os, vermut y cerveza servidos desde el almuerzo hasta la madrugada.<\/p>\n\n\n\n<p class=\"has-text-align-center\"><strong>L\u2019Anxova se toma un peque\u00f1o descanso, hasta pronto.<\/strong><\/p>\n\n\n\n<p class=\"has-text-align-center cta-event\"><a href=\"https:\/\/widget.thefork.com\/en-GB\/4ca82bbe-f514-4a17-9c5b-9ad09a06bee4\" target=\"_blank\" rel=\"noreferrer noopener\">RESERVA UNA MESA<\/a><\/p>\n<\/div><\/div>\n\n\n\n<div style=\"background-image:url(&apos;https:\/\/lanxovabarcelona.com\/wp-content\/uploads\/sites\/9\/2024\/12\/tiles-pattern.png&apos;);background-position:0% 46%;background-repeat:repeat;background-size:82px;\" class=\"wp-block-group has-global-padding is-layout-constrained wp-block-group-is-layout-constrained has-background\">\n<div style=\"height:41px\" aria-hidden=\"true\" class=\"wp-block-spacer\"><\/div>\n<\/div>\n<\/div>\n\n\n\n<div id=\"menus\" class=\"wp-block-group menus is-layout-flow wp-block-group-is-layout-flow\" style=\"padding-top:120px;padding-bottom:120px\">\n<div class=\"wp-block-buttons has-custom-font-size has-centra-no-2-font-family is-content-justification-center is-layout-flex wp-container-core-buttons-is-layout-a89b3969 wp-block-buttons-is-layout-flex\" style=\"border-radius:0px;font-size:44px;font-style:normal;font-weight:700;line-height:1;text-transform:uppercase\">\n<div class=\"wp-block-button is-style-outline view-menu is-style-outline--1\"><a class=\"wp-block-button__link has-custom-red-color has-text-color has-link-color wp-element-button\" href=\"https:\/\/lanxovabarcelona.com\/wp-content\/uploads\/sites\/9\/2025\/08\/BLA_FoodMenu_ESCAT.pdf\" style=\"border-width:3px;border-radius:0px;padding-top:12px;padding-right:18px;padding-bottom:12px;padding-left:18px\">COMER<\/a><\/div>\n\n\n\n<div class=\"wp-block-button is-style-outline view-menu is-style-outline--2\"><a class=\"wp-block-button__link has-custom-red-color has-text-color has-link-color wp-element-button\" href=\"https:\/\/lanxovabarcelona.com\/wp-content\/uploads\/sites\/9\/2025\/07\/sls-barcelona-lanxova-drinks-menu-es-en.pdf\" style=\"border-width:3px;border-radius:0px;padding-top:12px;padding-right:18px;padding-bottom:12px;padding-left:18px\" target=\"_blank\" rel=\"noreferrer noopener nofollow\">BEBER<\/a><\/div>\n\n\n\n<div class=\"wp-block-button is-style-outline view-menu is-style-outline--3\"><a class=\"wp-block-button__link has-custom-red-color has-text-color has-link-color wp-element-button\" href=\"https:\/\/lanxovabarcelona.com\/wp-content\/uploads\/sites\/9\/2025\/08\/BLA_FoodMenu_Bar_ESCAT.pdf\" style=\"border-width:3px;border-radius:0px;padding-top:12px;padding-right:18px;padding-bottom:12px;padding-left:18px\" target=\"_blank\" rel=\"noreferrer noopener nofollow\">bar<\/a><\/div>\n<\/div>\n<\/div>\n\n\n\n<div id=\"gallery\" class=\"wp-block-group is-layout-flow wp-container-core-group-is-layout-a77db08e wp-block-group-is-layout-flow\">\n<div style=\"background-image:url(&apos;https:\/\/lanxovabarcelona.com\/wp-content\/uploads\/sites\/9\/2024\/12\/favicon.png&apos;);background-position:0% 50%;background-size:75px;\" class=\"wp-block-group alignfull has-custom-green-background-color has-background has-global-padding is-layout-constrained wp-block-group-is-layout-constrained\">\n<div style=\"height:60px\" aria-hidden=\"true\" class=\"wp-block-spacer\"><\/div>\n<\/div>\n\n\n\n<figure class=\"wp-block-gallery has-nested-images columns-default is-cropped gallery has-custom-green-background-color has-background wp-block-gallery-4 is-layout-flex wp-block-gallery-is-layout-flex\" style=\"padding-right:20px;padding-left:20px\">\n<figure class=\"wp-block-image size-large\"><img loading=\"lazy\" decoding=\"async\" height=\"1024\" width=\"683\" data-id=\"271\" src=\"https:\/\/lanxovabarcelona.com\/wp-content\/uploads\/sites\/9\/2025\/07\/LANXOVA-SLS-12537-1.jpg?w=683\" alt=\"\" class=\"wp-image-271\" srcset=\"https:\/\/lanxovabarcelona.com\/wp-content\/uploads\/sites\/9\/2025\/07\/LANXOVA-SLS-12537-1.jpg 5464w, https:\/\/lanxovabarcelona.com\/wp-content\/uploads\/sites\/9\/2025\/07\/LANXOVA-SLS-12537-1.jpg?resize=200,300 200w, https:\/\/lanxovabarcelona.com\/wp-content\/uploads\/sites\/9\/2025\/07\/LANXOVA-SLS-12537-1.jpg?resize=768,1151 768w, https:\/\/lanxovabarcelona.com\/wp-content\/uploads\/sites\/9\/2025\/07\/LANXOVA-SLS-12537-1.jpg?resize=683,1024 683w, https:\/\/lanxovabarcelona.com\/wp-content\/uploads\/sites\/9\/2025\/07\/LANXOVA-SLS-12537-1.jpg?resize=1025,1536 1025w, https:\/\/lanxovabarcelona.com\/wp-content\/uploads\/sites\/9\/2025\/07\/LANXOVA-SLS-12537-1.jpg?resize=1366,2048 1366w\" sizes=\"auto, (max-width: 683px) 100vw, 683px\" \/><\/figure>\n\n\n\n<figure class=\"wp-block-image size-large\"><img loading=\"lazy\" decoding=\"async\" height=\"1024\" width=\"683\" data-id=\"301\" src=\"https:\/\/lanxovabarcelona.com\/wp-content\/uploads\/sites\/9\/2025\/07\/5K3A5323.jpg?w=683\" alt=\"\" class=\"wp-image-301\" srcset=\"https:\/\/lanxovabarcelona.com\/wp-content\/uploads\/sites\/9\/2025\/07\/5K3A5323.jpg 5464w, https:\/\/lanxovabarcelona.com\/wp-content\/uploads\/sites\/9\/2025\/07\/5K3A5323.jpg?resize=200,300 200w, https:\/\/lanxovabarcelona.com\/wp-content\/uploads\/sites\/9\/2025\/07\/5K3A5323.jpg?resize=768,1151 768w, https:\/\/lanxovabarcelona.com\/wp-content\/uploads\/sites\/9\/2025\/07\/5K3A5323.jpg?resize=683,1024 683w, https:\/\/lanxovabarcelona.com\/wp-content\/uploads\/sites\/9\/2025\/07\/5K3A5323.jpg?resize=1025,1536 1025w, https:\/\/lanxovabarcelona.com\/wp-content\/uploads\/sites\/9\/2025\/07\/5K3A5323.jpg?resize=1366,2048 1366w\" sizes=\"auto, (max-width: 683px) 100vw, 683px\" \/><\/figure>\n\n\n\n<figure class=\"wp-block-image size-large\"><img loading=\"lazy\" decoding=\"async\" height=\"1024\" width=\"683\" data-id=\"284\" src=\"https:\/\/lanxovabarcelona.com\/wp-content\/uploads\/sites\/9\/2025\/07\/5K3A4659.jpg?w=683\" alt=\"\" class=\"wp-image-284\" srcset=\"https:\/\/lanxovabarcelona.com\/wp-content\/uploads\/sites\/9\/2025\/07\/5K3A4659.jpg 5170w, https:\/\/lanxovabarcelona.com\/wp-content\/uploads\/sites\/9\/2025\/07\/5K3A4659.jpg?resize=200,300 200w, https:\/\/lanxovabarcelona.com\/wp-content\/uploads\/sites\/9\/2025\/07\/5K3A4659.jpg?resize=768,1151 768w, https:\/\/lanxovabarcelona.com\/wp-content\/uploads\/sites\/9\/2025\/07\/5K3A4659.jpg?resize=683,1024 683w, https:\/\/lanxovabarcelona.com\/wp-content\/uploads\/sites\/9\/2025\/07\/5K3A4659.jpg?resize=1025,1536 1025w, https:\/\/lanxovabarcelona.com\/wp-content\/uploads\/sites\/9\/2025\/07\/5K3A4659.jpg?resize=1366,2048 1366w\" sizes=\"auto, (max-width: 683px) 100vw, 683px\" \/><\/figure>\n\n\n\n<figure class=\"wp-block-image size-large\"><img loading=\"lazy\" decoding=\"async\" height=\"1024\" width=\"683\" data-id=\"278\" src=\"https:\/\/lanxovabarcelona.com\/wp-content\/uploads\/sites\/9\/2025\/07\/5K3A5501.jpg?w=683\" alt=\"\" class=\"wp-image-278\" srcset=\"https:\/\/lanxovabarcelona.com\/wp-content\/uploads\/sites\/9\/2025\/07\/5K3A5501.jpg 5464w, https:\/\/lanxovabarcelona.com\/wp-content\/uploads\/sites\/9\/2025\/07\/5K3A5501.jpg?resize=200,300 200w, https:\/\/lanxovabarcelona.com\/wp-content\/uploads\/sites\/9\/2025\/07\/5K3A5501.jpg?resize=768,1151 768w, https:\/\/lanxovabarcelona.com\/wp-content\/uploads\/sites\/9\/2025\/07\/5K3A5501.jpg?resize=683,1024 683w, https:\/\/lanxovabarcelona.com\/wp-content\/uploads\/sites\/9\/2025\/07\/5K3A5501.jpg?resize=1025,1536 1025w, https:\/\/lanxovabarcelona.com\/wp-content\/uploads\/sites\/9\/2025\/07\/5K3A5501.jpg?resize=1366,2048 1366w\" sizes=\"auto, (max-width: 683px) 100vw, 683px\" \/><\/figure>\n\n\n\n<figure class=\"wp-block-image size-large\"><img loading=\"lazy\" decoding=\"async\" height=\"1024\" width=\"683\" data-id=\"274\" src=\"https:\/\/lanxovabarcelona.com\/wp-content\/uploads\/sites\/9\/2025\/07\/5K3A4222.jpg?w=683\" alt=\"\" class=\"wp-image-274\" srcset=\"https:\/\/lanxovabarcelona.com\/wp-content\/uploads\/sites\/9\/2025\/07\/5K3A4222.jpg 5464w, https:\/\/lanxovabarcelona.com\/wp-content\/uploads\/sites\/9\/2025\/07\/5K3A4222.jpg?resize=200,300 200w, https:\/\/lanxovabarcelona.com\/wp-content\/uploads\/sites\/9\/2025\/07\/5K3A4222.jpg?resize=768,1151 768w, https:\/\/lanxovabarcelona.com\/wp-content\/uploads\/sites\/9\/2025\/07\/5K3A4222.jpg?resize=683,1024 683w, https:\/\/lanxovabarcelona.com\/wp-content\/uploads\/sites\/9\/2025\/07\/5K3A4222.jpg?resize=1025,1536 1025w, https:\/\/lanxovabarcelona.com\/wp-content\/uploads\/sites\/9\/2025\/07\/5K3A4222.jpg?resize=1366,2048 1366w\" sizes=\"auto, (max-width: 683px) 100vw, 683px\" \/><\/figure>\n\n\n\n<figure class=\"wp-block-image size-large\"><img loading=\"lazy\" decoding=\"async\" height=\"1024\" width=\"683\" data-id=\"306\" src=\"https:\/\/lanxovabarcelona.com\/wp-content\/uploads\/sites\/9\/2025\/07\/LANXOVA-SLS-12668.jpg?w=683\" alt=\"\" class=\"wp-image-306\" srcset=\"https:\/\/lanxovabarcelona.com\/wp-content\/uploads\/sites\/9\/2025\/07\/LANXOVA-SLS-12668.jpg 5464w, https:\/\/lanxovabarcelona.com\/wp-content\/uploads\/sites\/9\/2025\/07\/LANXOVA-SLS-12668.jpg?resize=200,300 200w, https:\/\/lanxovabarcelona.com\/wp-content\/uploads\/sites\/9\/2025\/07\/LANXOVA-SLS-12668.jpg?resize=768,1151 768w, https:\/\/lanxovabarcelona.com\/wp-content\/uploads\/sites\/9\/2025\/07\/LANXOVA-SLS-12668.jpg?resize=683,1024 683w, https:\/\/lanxovabarcelona.com\/wp-content\/uploads\/sites\/9\/2025\/07\/LANXOVA-SLS-12668.jpg?resize=1025,1536 1025w, https:\/\/lanxovabarcelona.com\/wp-content\/uploads\/sites\/9\/2025\/07\/LANXOVA-SLS-12668.jpg?resize=1366,2048 1366w\" sizes=\"auto, (max-width: 683px) 100vw, 683px\" \/><\/figure>\n\n\n\n<figure class=\"wp-block-image size-large\"><img loading=\"lazy\" decoding=\"async\" height=\"1024\" width=\"683\" data-id=\"292\" src=\"https:\/\/lanxovabarcelona.com\/wp-content\/uploads\/sites\/9\/2025\/07\/5K3A4245.jpg?w=683\" alt=\"\" class=\"wp-image-292\" srcset=\"https:\/\/lanxovabarcelona.com\/wp-content\/uploads\/sites\/9\/2025\/07\/5K3A4245.jpg 5464w, https:\/\/lanxovabarcelona.com\/wp-content\/uploads\/sites\/9\/2025\/07\/5K3A4245.jpg?resize=200,300 200w, https:\/\/lanxovabarcelona.com\/wp-content\/uploads\/sites\/9\/2025\/07\/5K3A4245.jpg?resize=768,1151 768w, https:\/\/lanxovabarcelona.com\/wp-content\/uploads\/sites\/9\/2025\/07\/5K3A4245.jpg?resize=683,1024 683w, https:\/\/lanxovabarcelona.com\/wp-content\/uploads\/sites\/9\/2025\/07\/5K3A4245.jpg?resize=1025,1536 1025w, https:\/\/lanxovabarcelona.com\/wp-content\/uploads\/sites\/9\/2025\/07\/5K3A4245.jpg?resize=1366,2048 1366w\" sizes=\"auto, (max-width: 683px) 100vw, 683px\" \/><\/figure>\n\n\n\n<figure class=\"wp-block-image size-large\"><img loading=\"lazy\" decoding=\"async\" height=\"1024\" width=\"683\" data-id=\"295\" src=\"https:\/\/lanxovabarcelona.com\/wp-content\/uploads\/sites\/9\/2025\/07\/LANXOVA-SLS-12638-1.jpg?w=683\" alt=\"\" class=\"wp-image-295\" srcset=\"https:\/\/lanxovabarcelona.com\/wp-content\/uploads\/sites\/9\/2025\/07\/LANXOVA-SLS-12638-1.jpg 5464w, https:\/\/lanxovabarcelona.com\/wp-content\/uploads\/sites\/9\/2025\/07\/LANXOVA-SLS-12638-1.jpg?resize=200,300 200w, https:\/\/lanxovabarcelona.com\/wp-content\/uploads\/sites\/9\/2025\/07\/LANXOVA-SLS-12638-1.jpg?resize=768,1151 768w, https:\/\/lanxovabarcelona.com\/wp-content\/uploads\/sites\/9\/2025\/07\/LANXOVA-SLS-12638-1.jpg?resize=683,1024 683w, https:\/\/lanxovabarcelona.com\/wp-content\/uploads\/sites\/9\/2025\/07\/LANXOVA-SLS-12638-1.jpg?resize=1025,1536 1025w, https:\/\/lanxovabarcelona.com\/wp-content\/uploads\/sites\/9\/2025\/07\/LANXOVA-SLS-12638-1.jpg?resize=1366,2048 1366w\" sizes=\"auto, (max-width: 683px) 100vw, 683px\" \/><\/figure>\n\n\n\n<figure class=\"wp-block-image size-large\"><img loading=\"lazy\" decoding=\"async\" height=\"1024\" width=\"683\" data-id=\"298\" src=\"https:\/\/lanxovabarcelona.com\/wp-content\/uploads\/sites\/9\/2025\/07\/LANXOVA-SLS-12511.jpg?w=683\" alt=\"\" class=\"wp-image-298\" srcset=\"https:\/\/lanxovabarcelona.com\/wp-content\/uploads\/sites\/9\/2025\/07\/LANXOVA-SLS-12511.jpg 5464w, https:\/\/lanxovabarcelona.com\/wp-content\/uploads\/sites\/9\/2025\/07\/LANXOVA-SLS-12511.jpg?resize=200,300 200w, https:\/\/lanxovabarcelona.com\/wp-content\/uploads\/sites\/9\/2025\/07\/LANXOVA-SLS-12511.jpg?resize=768,1151 768w, https:\/\/lanxovabarcelona.com\/wp-content\/uploads\/sites\/9\/2025\/07\/LANXOVA-SLS-12511.jpg?resize=683,1024 683w, https:\/\/lanxovabarcelona.com\/wp-content\/uploads\/sites\/9\/2025\/07\/LANXOVA-SLS-12511.jpg?resize=1025,1536 1025w, https:\/\/lanxovabarcelona.com\/wp-content\/uploads\/sites\/9\/2025\/07\/LANXOVA-SLS-12511.jpg?resize=1366,2048 1366w\" sizes=\"auto, (max-width: 683px) 100vw, 683px\" \/><\/figure>\n<\/figure>\n\n\n\n<div style=\"background-image:url(&apos;https:\/\/lanxovabarcelona.com\/wp-content\/uploads\/sites\/9\/2024\/12\/favicon.png&apos;);background-position:0% 50%;background-size:75px;\" class=\"wp-block-group alignfull has-custom-green-background-color has-background has-global-padding is-layout-constrained wp-block-group-is-layout-constrained\">\n<div style=\"height:60px\" aria-hidden=\"true\" class=\"wp-block-spacer\"><\/div>\n<\/div>\n<\/div>\n","protected":false},"excerpt":{"rendered":"<p>Bienvenido L\u2019Anxova es un bar de tapas informal que celebra el arte y el dise\u00f1o espa\u00f1ol y se especializa en cocina catalana con pinchos, platos peque\u00f1os, vermut y cerveza servidos desde el almuerzo hasta la madrugada. L\u2019Anxova se toma un peque\u00f1o descanso, hasta pronto. RESERVA UNA MESA<\/p>\n","protected":false},"author":45,"featured_media":0,"parent":0,"menu_order":0,"comment_status":"closed","ping_status":"closed","template":"","meta":{"footnotes":""},"class_list":["post-225","page","type-page","status-publish","hentry"],"acf":[],"yoast_head":"<!-- This site is optimized with the Yoast SEO plugin v23.9 - https:\/\/yoast.com\/wordpress\/plugins\/seo\/ -->\n<title>Bar L&#039;Anxova Divina | Restaurante Barcelona<\/title>\n<meta name=\"robots\" content=\"index, follow, max-snippet:-1, max-image-preview:large, max-video-preview:-1\" \/>\n<link rel=\"canonical\" href=\"https:\/\/lanxovabarcelona.com\/es\/\" \/>\n<meta property=\"og:locale\" content=\"es_ES\" \/>\n<meta property=\"og:type\" content=\"article\" \/>\n<meta property=\"og:title\" content=\"Bar L&#039;Anxova Divina | Restaurante Barcelona\" \/>\n<meta property=\"og:description\" content=\"Bienvenido L\u2019Anxova es un bar de tapas informal que celebra el arte y el dise\u00f1o espa\u00f1ol y se especializa en cocina catalana con pinchos, platos peque\u00f1os, vermut y cerveza servidos desde el almuerzo hasta la madrugada. L\u2019Anxova se toma un peque\u00f1o descanso, hasta pronto. RESERVA UNA MESA\" \/>\n<meta property=\"og:url\" content=\"https:\/\/lanxovabarcelona.com\/es\/\" \/>\n<meta property=\"og:site_name\" content=\"Bar Lanxova\" \/>\n<meta property=\"article:modified_time\" content=\"2025-12-31T10:26:12+00:00\" \/>\n<meta name=\"twitter:card\" content=\"summary_large_image\" \/>\n<meta name=\"twitter:image\" content=\"https:\/\/lanxovabarcelona.com\/wp-content\/uploads\/sites\/9\/2025\/07\/5K3A5561_04550f.jpg\" \/>\n<meta name=\"twitter:label1\" content=\"Est. reading time\" \/>\n\t<meta name=\"twitter:data1\" content=\"3 minutes\" \/>\n<script type=\"application\/ld+json\" class=\"yoast-schema-graph\">{\"@context\":\"https:\/\/schema.org\",\"@graph\":[{\"@type\":\"WebPage\",\"@id\":\"https:\/\/lanxovabarcelona.com\/es\/\",\"url\":\"https:\/\/lanxovabarcelona.com\/es\/\",\"name\":\"Bar L'Anxova Divina | Restaurante Barcelona\",\"isPartOf\":{\"@id\":\"https:\/\/lanxovabarcelona.com\/#website\"},\"primaryImageOfPage\":{\"@id\":\"https:\/\/lanxovabarcelona.com\/es\/#primaryimage\"},\"image\":{\"@id\":\"https:\/\/lanxovabarcelona.com\/es\/#primaryimage\"},\"thumbnailUrl\":\"https:\/\/lanxovabarcelona.com\/wp-content\/uploads\/sites\/9\/2025\/07\/5K3A5561_04550f.jpg?w=683\",\"datePublished\":\"2025-03-24T22:05:15+00:00\",\"dateModified\":\"2025-12-31T10:26:12+00:00\",\"breadcrumb\":{\"@id\":\"https:\/\/lanxovabarcelona.com\/es\/#breadcrumb\"},\"inLanguage\":\"es-ES\",\"potentialAction\":[{\"@type\":\"ReadAction\",\"target\":[\"https:\/\/lanxovabarcelona.com\/es\/\"]}]},{\"@type\":\"ImageObject\",\"inLanguage\":\"es-ES\",\"@id\":\"https:\/\/lanxovabarcelona.com\/es\/#primaryimage\",\"url\":\"https:\/\/lanxovabarcelona.com\/wp-content\/uploads\/sites\/9\/2025\/07\/5K3A5561_04550f.jpg?w=683\",\"contentUrl\":\"https:\/\/lanxovabarcelona.com\/wp-content\/uploads\/sites\/9\/2025\/07\/5K3A5561_04550f.jpg?w=683\"},{\"@type\":\"BreadcrumbList\",\"@id\":\"https:\/\/lanxovabarcelona.com\/es\/#breadcrumb\",\"itemListElement\":[{\"@type\":\"ListItem\",\"position\":1,\"name\":\"Home\",\"item\":\"https:\/\/lanxovabarcelona.com\/es\/\"},{\"@type\":\"ListItem\",\"position\":2,\"name\":\"Bar L&#8217;anxova Divina\"}]},{\"@type\":\"WebSite\",\"@id\":\"https:\/\/lanxovabarcelona.com\/#website\",\"url\":\"https:\/\/lanxovabarcelona.com\/\",\"name\":\"Bar Lanxova\",\"description\":\"\",\"publisher\":{\"@id\":\"https:\/\/lanxovabarcelona.com\/#organization\"},\"potentialAction\":[{\"@type\":\"SearchAction\",\"target\":{\"@type\":\"EntryPoint\",\"urlTemplate\":\"https:\/\/lanxovabarcelona.com\/?s={search_term_string}\"},\"query-input\":{\"@type\":\"PropertyValueSpecification\",\"valueRequired\":true,\"valueName\":\"search_term_string\"}}],\"inLanguage\":\"es-ES\"},{\"@type\":\"Organization\",\"@id\":\"https:\/\/lanxovabarcelona.com\/#organization\",\"name\":\"Bar Lanxova\",\"url\":\"https:\/\/lanxovabarcelona.com\/\",\"logo\":{\"@type\":\"ImageObject\",\"inLanguage\":\"es-ES\",\"@id\":\"https:\/\/lanxovabarcelona.com\/#\/schema\/logo\/image\/\",\"url\":\"https:\/\/lanxovabarcelona.com\/wp-content\/uploads\/sites\/9\/2024\/12\/logo.png\",\"contentUrl\":\"https:\/\/lanxovabarcelona.com\/wp-content\/uploads\/sites\/9\/2024\/12\/logo.png\",\"width\":363,\"height\":96,\"caption\":\"Bar Lanxova\"},\"image\":{\"@id\":\"https:\/\/lanxovabarcelona.com\/#\/schema\/logo\/image\/\"}}]}<\/script>\n<!-- \/ Yoast SEO plugin. -->","yoast_head_json":{"title":"Bar L'Anxova Divina | Restaurante Barcelona","robots":{"index":"index","follow":"follow","max-snippet":"max-snippet:-1","max-image-preview":"max-image-preview:large","max-video-preview":"max-video-preview:-1"},"canonical":"https:\/\/lanxovabarcelona.com\/es\/","og_locale":"es_ES","og_type":"article","og_title":"Bar L'Anxova Divina | Restaurante Barcelona","og_description":"Bienvenido L\u2019Anxova es un bar de tapas informal que celebra el arte y el dise\u00f1o espa\u00f1ol y se especializa en cocina catalana con pinchos, platos peque\u00f1os, vermut y cerveza servidos desde el almuerzo hasta la madrugada. L\u2019Anxova se toma un peque\u00f1o descanso, hasta pronto. RESERVA UNA MESA","og_url":"https:\/\/lanxovabarcelona.com\/es\/","og_site_name":"Bar Lanxova","article_modified_time":"2025-12-31T10:26:12+00:00","twitter_card":"summary_large_image","twitter_image":"https:\/\/lanxovabarcelona.com\/wp-content\/uploads\/sites\/9\/2025\/07\/5K3A5561_04550f.jpg","twitter_misc":{"Est. reading time":"3 minutes"},"schema":{"@context":"https:\/\/schema.org","@graph":[{"@type":"WebPage","@id":"https:\/\/lanxovabarcelona.com\/es\/","url":"https:\/\/lanxovabarcelona.com\/es\/","name":"Bar L'Anxova Divina | Restaurante Barcelona","isPartOf":{"@id":"https:\/\/lanxovabarcelona.com\/#website"},"primaryImageOfPage":{"@id":"https:\/\/lanxovabarcelona.com\/es\/#primaryimage"},"image":{"@id":"https:\/\/lanxovabarcelona.com\/es\/#primaryimage"},"thumbnailUrl":"https:\/\/lanxovabarcelona.com\/wp-content\/uploads\/sites\/9\/2025\/07\/5K3A5561_04550f.jpg?w=683","datePublished":"2025-03-24T22:05:15+00:00","dateModified":"2025-12-31T10:26:12+00:00","breadcrumb":{"@id":"https:\/\/lanxovabarcelona.com\/es\/#breadcrumb"},"inLanguage":"es-ES","potentialAction":[{"@type":"ReadAction","target":["https:\/\/lanxovabarcelona.com\/es\/"]}]},{"@type":"ImageObject","inLanguage":"es-ES","@id":"https:\/\/lanxovabarcelona.com\/es\/#primaryimage","url":"https:\/\/lanxovabarcelona.com\/wp-content\/uploads\/sites\/9\/2025\/07\/5K3A5561_04550f.jpg?w=683","contentUrl":"https:\/\/lanxovabarcelona.com\/wp-content\/uploads\/sites\/9\/2025\/07\/5K3A5561_04550f.jpg?w=683"},{"@type":"BreadcrumbList","@id":"https:\/\/lanxovabarcelona.com\/es\/#breadcrumb","itemListElement":[{"@type":"ListItem","position":1,"name":"Home","item":"https:\/\/lanxovabarcelona.com\/es\/"},{"@type":"ListItem","position":2,"name":"Bar L&#8217;anxova Divina"}]},{"@type":"WebSite","@id":"https:\/\/lanxovabarcelona.com\/#website","url":"https:\/\/lanxovabarcelona.com\/","name":"Bar Lanxova","description":"","publisher":{"@id":"https:\/\/lanxovabarcelona.com\/#organization"},"potentialAction":[{"@type":"SearchAction","target":{"@type":"EntryPoint","urlTemplate":"https:\/\/lanxovabarcelona.com\/?s={search_term_string}"},"query-input":{"@type":"PropertyValueSpecification","valueRequired":true,"valueName":"search_term_string"}}],"inLanguage":"es-ES"},{"@type":"Organization","@id":"https:\/\/lanxovabarcelona.com\/#organization","name":"Bar Lanxova","url":"https:\/\/lanxovabarcelona.com\/","logo":{"@type":"ImageObject","inLanguage":"es-ES","@id":"https:\/\/lanxovabarcelona.com\/#\/schema\/logo\/image\/","url":"https:\/\/lanxovabarcelona.com\/wp-content\/uploads\/sites\/9\/2024\/12\/logo.png","contentUrl":"https:\/\/lanxovabarcelona.com\/wp-content\/uploads\/sites\/9\/2024\/12\/logo.png","width":363,"height":96,"caption":"Bar Lanxova"},"image":{"@id":"https:\/\/lanxovabarcelona.com\/#\/schema\/logo\/image\/"}}]}},"jetpack_sharing_enabled":true,"_links":{"self":[{"href":"https:\/\/lanxovabarcelona.com\/es\/wp-json\/wp\/v2\/pages\/225","targetHints":{"allow":["GET"]}}],"collection":[{"href":"https:\/\/lanxovabarcelona.com\/es\/wp-json\/wp\/v2\/pages"}],"about":[{"href":"https:\/\/lanxovabarcelona.com\/es\/wp-json\/wp\/v2\/types\/page"}],"author":[{"embeddable":true,"href":"https:\/\/lanxovabarcelona.com\/es\/wp-json\/wp\/v2\/users\/45"}],"replies":[{"embeddable":true,"href":"https:\/\/lanxovabarcelona.com\/es\/wp-json\/wp\/v2\/comments?post=225"}],"version-history":[{"count":10,"href":"https:\/\/lanxovabarcelona.com\/es\/wp-json\/wp\/v2\/pages\/225\/revisions"}],"predecessor-version":[{"id":455,"href":"https:\/\/lanxovabarcelona.com\/es\/wp-json\/wp\/v2\/pages\/225\/revisions\/455"}],"wp:attachment":[{"href":"https:\/\/lanxovabarcelona.com\/es\/wp-json\/wp\/v2\/media?parent=225"}],"curies":[{"name":"wp","href":"https:\/\/api.w.org\/{rel}","templated":true}]}}